{"id":789,"date":"2014-02-20T13:08:49","date_gmt":"2014-02-20T11:08:49","guid":{"rendered":"http:\/\/www.neurocomm.it\/?page_id=789"},"modified":"2020-01-02T18:42:24","modified_gmt":"2020-01-02T16:42:24","slug":"789-2","status":"publish","type":"page","link":"https:\/\/www.neurocomm.it\/?page_id=789","title":{"rendered":"Nuove metodologie"},"content":{"rendered":"<div>Le funzioni cerebrali sono indagate tramite Imaging in Risonanza Magnetica funzionale (fMRI), una tecnica non invasiva che permette di osservare l&#8217;attivit\u00e0 cerebrale in vivo mentre l&#8217;individuo compie un determinato compito o viene sottoposto ad una specifica stimolazione. Questo permette di esplorare l&#8217;attivit\u00e0 di aree corticali cos\u00ec come le pi\u00f9 profonde strutture responsabili del sistema autonomo ed emozionale, le cui attivit\u00e0 ad oggi non \u00e8 indagabile tramite altre tecniche<\/div>\n","protected":false},"excerpt":{"rendered":"<p>Le funzioni cerebrali sono indagate tramite Imaging in Risonanza Magnetica funzionale (fMRI), una tecnica non invasiva che permette di osservare l&#8217;attivit\u00e0 cerebrale in vivo mentre l&#8217;individuo compie un determinato compito o viene sottoposto ad una specifica stimolazione. Questo permette di &hellip; <a href=\"https:\/\/www.neurocomm.it\/?page_id=789\">Continue reading <span class=\"meta-nav\">&rarr;<\/span><\/a><\/p>\n","protected":false},"author":1,"featured_media":0,"parent":0,"menu_order":0,"comment_status":"closed","ping_status":"closed","template":"sidebar-page.php","meta":[],"_links":{"self":[{"href":"https:\/\/www.neurocomm.it\/index.php?rest_route=\/wp\/v2\/pages\/789"}],"collection":[{"href":"https:\/\/www.neurocomm.it\/index.php?rest_route=\/wp\/v2\/pages"}],"about":[{"href":"https:\/\/www.neurocomm.it\/index.php?rest_route=\/wp\/v2\/types\/page"}],"author":[{"embeddable":true,"href":"https:\/\/www.neurocomm.it\/index.php?rest_route=\/wp\/v2\/users\/1"}],"replies":[{"embeddable":true,"href":"https:\/\/www.neurocomm.it\/index.php?rest_route=%2Fwp%2Fv2%2Fcomments&post=789"}],"version-history":[{"count":4,"href":"https:\/\/www.neurocomm.it\/index.php?rest_route=\/wp\/v2\/pages\/789\/revisions"}],"predecessor-version":[{"id":1327,"href":"https:\/\/www.neurocomm.it\/index.php?rest_route=\/wp\/v2\/pages\/789\/revisions\/1327"}],"wp:attachment":[{"href":"https:\/\/www.neurocomm.it\/index.php?rest_route=%2Fwp%2Fv2%2Fmedia&parent=789"}],"curies":[{"name":"wp","href":"https:\/\/api.w.org\/{rel}","templated":true}]}}