{"id":795,"date":"2014-02-20T13:09:31","date_gmt":"2014-02-20T11:09:31","guid":{"rendered":"http:\/\/www.neurocomm.it\/?page_id=795"},"modified":"2021-05-14T16:42:26","modified_gmt":"2021-05-14T14:42:26","slug":"valori","status":"publish","type":"page","link":"https:\/\/www.neurocomm.it\/?page_id=795","title":{"rendered":"Valori"},"content":{"rendered":"<blockquote>\n<p>&#8220;In tutte le ere, l&#8217;uomo le cui deliberazioni fossero in grado di rivolgersi ai fini pi\u00f9 remoti, \u00e8 stato considerato possedere il pi\u00f9 alto grado di intelligenza. Il vagabondo, che vive di ora in ora; il bohemian, i cui interessi si definiscono di giorno in giorno; lo scapolo, che costruisce per una singola vita; il padre, che opera per una nuova generazione; il patriota, che pensa all&#8217;intera comunit\u00e0 e a pi\u00f9 generazioni; ed infine il filosofo ed il santo, il cui interesse \u00e8 per l&#8217;umanit\u00e0 e per l&#8217;eternit\u00e0, -essi si posizionano in una gerarchia continua, all&#8217;interno della quale, ogni grado successivo scaturisce da una crescente manifestazione di quella speciale forma di azione per cui i centri cerebrali superiori sono distinti da tutti quelli al di sotto di essi&#8221;\u00a0<\/p>\n<\/blockquote>\n<p style=\"text-align: right;\">(William James)\u00a0 \u00a0 \u00a0\u00a0<\/p>\n<p>\u00a0<\/p>\n\n\n<p><\/p>\n","protected":false},"excerpt":{"rendered":"<p>&#8220;In tutte le ere, l&#8217;uomo le cui deliberazioni fossero in grado di rivolgersi ai fini pi\u00f9 remoti, \u00e8 stato considerato possedere il pi\u00f9 alto grado di intelligenza. Il vagabondo, che vive di ora in ora; il bohemian, i cui interessi &hellip; <a href=\"https:\/\/www.neurocomm.it\/?page_id=795\">Continue reading <span class=\"meta-nav\">&rarr;<\/span><\/a><\/p>\n","protected":false},"author":1,"featured_media":0,"parent":0,"menu_order":0,"comment_status":"closed","ping_status":"closed","template":"showcase.php","meta":[],"_links":{"self":[{"href":"https:\/\/www.neurocomm.it\/index.php?rest_route=\/wp\/v2\/pages\/795"}],"collection":[{"href":"https:\/\/www.neurocomm.it\/index.php?rest_route=\/wp\/v2\/pages"}],"about":[{"href":"https:\/\/www.neurocomm.it\/index.php?rest_route=\/wp\/v2\/types\/page"}],"author":[{"embeddable":true,"href":"https:\/\/www.neurocomm.it\/index.php?rest_route=\/wp\/v2\/users\/1"}],"replies":[{"embeddable":true,"href":"https:\/\/www.neurocomm.it\/index.php?rest_route=%2Fwp%2Fv2%2Fcomments&post=795"}],"version-history":[{"count":25,"href":"https:\/\/www.neurocomm.it\/index.php?rest_route=\/wp\/v2\/pages\/795\/revisions"}],"predecessor-version":[{"id":1336,"href":"https:\/\/www.neurocomm.it\/index.php?rest_route=\/wp\/v2\/pages\/795\/revisions\/1336"}],"wp:attachment":[{"href":"https:\/\/www.neurocomm.it\/index.php?rest_route=%2Fwp%2Fv2%2Fmedia&parent=795"}],"curies":[{"name":"wp","href":"https:\/\/api.w.org\/{rel}","templated":true}]}}